{"id":1294,"date":"2024-07-10T12:01:53","date_gmt":"2024-07-10T10:01:53","guid":{"rendered":"http:\/\/energis.cluster028.hosting.ovh.net\/?page_id=1294"},"modified":"2025-10-20T11:06:07","modified_gmt":"2025-10-20T09:06:07","slug":"qui-suis-je","status":"publish","type":"page","link":"https:\/\/www.energilys.fr\/index.php\/qui-suis-je\/","title":{"rendered":"Qui suis-je ?"},"content":{"rendered":"<div class=\"fusion-fullwidth fullwidth-box fusion-builder-row-1 fusion-flex-container has-pattern-background has-mask-background nonhundred-percent-fullwidth non-hundred-percent-height-scrolling\" style=\"--awb-border-radius-top-left:0px;--awb-border-radius-top-right:0px;--awb-border-radius-bottom-right:0px;--awb-border-radius-bottom-left:0px;--awb-flex-wrap:wrap;\" ><div class=\"fusion-builder-row fusion-row fusion-flex-align-items-flex-start fusion-flex-content-wrap\" style=\"max-width:1216.8px;margin-left: calc(-4% \/ 2 );margin-right: calc(-4% \/ 2 );\"><div class=\"fusion-layout-column fusion_builder_column fusion-builder-column-0 fusion_builder_column_1_1 1_1 fusion-flex-column\" style=\"--awb-padding-top:90px;--awb-padding-right:10%;--awb-padding-bottom:80px;--awb-padding-left:10%;--awb-bg-blend:overlay;--awb-bg-size:cover;--awb-width-large:100%;--awb-margin-top-large:0px;--awb-spacing-right-large:2.304%;--awb-margin-bottom-large:0px;--awb-spacing-left-large:1.92%;--awb-width-medium:100%;--awb-spacing-right-medium:1.92%;--awb-spacing-left-medium:1.92%;--awb-width-small:100%;--awb-spacing-right-small:1.92%;--awb-spacing-left-small:1.92%;\"><div class=\"fusion-column-wrapper fusion-flex-justify-content-flex-start fusion-content-layout-column\"><div class=\"fusion-separator fusion-has-icon fusion-full-width-sep\" style=\"align-self: flex-start;margin-right:auto;margin-top:5px;margin-bottom:10px;width:100%;max-width:100%;\"><div class=\"fusion-separator-border sep-single sep-solid\" style=\"--awb-height:20px;--awb-amount:20px;border-color:var(--awb-color5);border-top-width:1px;\"><\/div><span class=\"icon-wrapper\" style=\"border-color:transparent;font-size:18px;width: 1.75em; height: 1.75em;border-width:1px;padding:1px;margin-top:-0.5px\"><i class=\"icon-spa-pagelines-brands\" style=\"font-size: inherit;color:var(--awb-color5);\" aria-hidden=\"true\"><\/i><\/span><div class=\"fusion-separator-border sep-single sep-solid\" style=\"--awb-height:20px;--awb-amount:20px;border-color:var(--awb-color5);border-top-width:1px;\"><\/div><\/div><div class=\"fusion-text fusion-text-1\"><p><strong>Ancien sportif de haut-niveau<\/strong>, professeur dipl\u00f4m\u00e9 d\u2019\u00e9tat de sport, sp\u00e9cialis\u00e9 en sports de combat (arts martiaux et diff\u00e9rents types de boxe) j\u2019ai eu la chance de rencontrer des m\u00e9decins du sport et des kin\u00e9sith\u00e9rapeutes ouverts \u00e0 des solutions alternatives pour m\u2019accompagner dans mon parcours de comp\u00e9titeur et surtout dans mes phases de r\u00e9cup\u00e9ration suite \u00e0 des blessures physiques, psychologiques ou traumatologies sportives.<\/p>\n<p>Pendant cette p\u00e9riode courte mais intense de la comp\u00e9tition ma recherche d\u2019objectif de sant\u00e9 \u00e9tait principalement ax\u00e9e sur la performance physique pure au d\u00e9triment de l\u2019usure naturelle de mon corps.<\/p>\n<\/div><div class=\"fusion-separator fusion-has-icon fusion-full-width-sep\" style=\"align-self: flex-start;margin-right:auto;margin-top:5px;margin-bottom:10px;width:100%;max-width:100%;\"><div class=\"fusion-separator-border sep-single sep-solid\" style=\"--awb-height:20px;--awb-amount:20px;border-color:var(--awb-color5);border-top-width:1px;\"><\/div><span class=\"icon-wrapper\" style=\"border-color:transparent;font-size:18px;width: 1.75em; height: 1.75em;border-width:1px;padding:1px;margin-top:-0.5px\"><i class=\"icon-spa-pagelines-brands\" style=\"font-size: inherit;color:var(--awb-color5);\" aria-hidden=\"true\"><\/i><\/span><div class=\"fusion-separator-border sep-single sep-solid\" style=\"--awb-height:20px;--awb-amount:20px;border-color:var(--awb-color5);border-top-width:1px;\"><\/div><\/div><div class=\"fusion-text fusion-text-2\"><p>Apr\u00e8s cette p\u00e9riode, en restant toujours un sportif pratiquant et actif j\u2019ai commenc\u00e9 \u00e0 ressentir des douleurs chroniques et dysfonctionnements de mon corps.<\/p>\n<p>Une question s\u2019est pos\u00e9e\u00a0? Comment accompagner mon corps dans le Mieux-vieillir\u00a0!<\/p>\n<p>Tout naturellement je me suis tourn\u00e9 vers Dame Nature et j\u2019ai int\u00e9gr\u00e9 un cursus de formation longue au sein de <strong>\u00ab\u00a0l\u2019Ecole Lyonnaise des Plante M\u00e9dicinales et Savoirs Naturels \u00bb<\/strong>.<\/p>\n<p>Le corps professoral de cette institution est principalement constitu\u00e9 de Docteurs en pharmacie et biologie.<\/p>\n<p>Pour avoir une approche holistique de la sant\u00e9 via une connaissance des arts martiaux asiatiques j\u2019ai parfait ma formation au sein de l\u2019\u00e9cole <strong>\u00ab\u00a0A Fleur de Peau\u00a0\u00bb<\/strong> sur les massages \u00e9nerg\u00e9tiques bien-\u00eatre et sant\u00e9.<\/p>\n<p>Ce parcours de sportif et de tradipraticien de sant\u00e9 me permet d\u2019avoir une approche holistique de la sant\u00e9 avec un objectif de Mieux-vieillir\u00a0!<\/p>\n<\/div><div class=\"fusion-separator fusion-has-icon fusion-full-width-sep\" style=\"align-self: flex-start;margin-right:auto;margin-top:5px;margin-bottom:10px;width:100%;max-width:100%;\"><div class=\"fusion-separator-border sep-single sep-solid\" style=\"--awb-height:20px;--awb-amount:20px;border-color:var(--awb-color5);border-top-width:1px;\"><\/div><span class=\"icon-wrapper\" style=\"border-color:transparent;font-size:18px;width: 1.75em; height: 1.75em;border-width:1px;padding:1px;margin-top:-0.5px\"><i class=\"icon-spa-pagelines-brands\" style=\"font-size: inherit;color:var(--awb-color5);\" aria-hidden=\"true\"><\/i><\/span><div class=\"fusion-separator-border sep-single sep-solid\" style=\"--awb-height:20px;--awb-amount:20px;border-color:var(--awb-color5);border-top-width:1px;\"><\/div><\/div><div class=\"fusion-text fusion-text-3\"><p style=\"text-align: center;\">Energilys Limonest \u00ab C\u0153ur de Sant\u00e9 \u00bb<\/p>\n<p style=\"text-align: center;\">Un esprit sain dans un corps sain !<\/p>\n<\/div><\/div><\/div><\/div><\/div>\n","protected":false},"excerpt":{"rendered":"","protected":false},"author":1,"featured_media":0,"parent":0,"menu_order":0,"comment_status":"closed","ping_status":"closed","template":"100-width.php","meta":{"footnotes":""},"class_list":["post-1294","page","type-page","status-publish","hentry"],"_links":{"self":[{"href":"https:\/\/www.energilys.fr\/index.php\/wp-json\/wp\/v2\/pages\/1294","targetHints":{"allow":["GET"]}}],"collection":[{"href":"https:\/\/www.energilys.fr\/index.php\/wp-json\/wp\/v2\/pages"}],"about":[{"href":"https:\/\/www.energilys.fr\/index.php\/wp-json\/wp\/v2\/types\/page"}],"author":[{"embeddable":true,"href":"https:\/\/www.energilys.fr\/index.php\/wp-json\/wp\/v2\/users\/1"}],"replies":[{"embeddable":true,"href":"https:\/\/www.energilys.fr\/index.php\/wp-json\/wp\/v2\/comments?post=1294"}],"version-history":[{"count":19,"href":"https:\/\/www.energilys.fr\/index.php\/wp-json\/wp\/v2\/pages\/1294\/revisions"}],"predecessor-version":[{"id":1420,"href":"https:\/\/www.energilys.fr\/index.php\/wp-json\/wp\/v2\/pages\/1294\/revisions\/1420"}],"wp:attachment":[{"href":"https:\/\/www.energilys.fr\/index.php\/wp-json\/wp\/v2\/media?parent=1294"}],"curies":[{"name":"wp","href":"https:\/\/api.w.org\/{rel}","templated":true}]}}