{"id":7,"date":"2016-08-02T11:03:38","date_gmt":"2016-08-02T11:03:38","guid":{"rendered":"https:\/\/avadawebsites.wpengine.com\/spa\/?page_id=7"},"modified":"2026-02-18T10:33:52","modified_gmt":"2026-02-18T09:33:52","slug":"home","status":"publish","type":"page","link":"https:\/\/www.energilys.fr\/","title":{"rendered":"Energilys Limonest"},"content":{"rendered":"<p><div class=\"fusion-fullwidth fullwidth-box fusion-builder-row-1 fusion-flex-container has-pattern-background has-mask-background nonhundred-percent-fullwidth non-hundred-percent-height-scrolling\" style=\"--awb-border-radius-top-left:0px;--awb-border-radius-top-right:0px;--awb-border-radius-bottom-right:0px;--awb-border-radius-bottom-left:0px;--awb-flex-wrap:wrap;\" ><div class=\"fusion-builder-row fusion-row fusion-flex-align-items-flex-start fusion-flex-content-wrap\" style=\"max-width:1216.8px;margin-left: calc(-4% \/ 2 );margin-right: calc(-4% \/ 2 );\"><div class=\"fusion-layout-column fusion_builder_column fusion-builder-column-0 fusion_builder_column_1_1 1_1 fusion-flex-column\" style=\"--awb-bg-size:cover;--awb-width-large:100%;--awb-margin-top-large:20px;--awb-spacing-right-large:1.92%;--awb-margin-bottom-large:20px;--awb-spacing-left-large:1.92%;--awb-width-medium:100%;--awb-order-medium:0;--awb-spacing-right-medium:1.92%;--awb-spacing-left-medium:1.92%;--awb-width-small:100%;--awb-order-small:0;--awb-spacing-right-small:1.92%;--awb-spacing-left-small:1.92%;\"><div class=\"fusion-column-wrapper fusion-column-has-shadow fusion-flex-justify-content-flex-start fusion-content-layout-column\"><div class=\"fusion-title title fusion-title-1 fusion-title-center fusion-title-text fusion-title-size-two\" style=\"--awb-font-size:50px;\"><div class=\"title-sep-container title-sep-container-left\"><div class=\"title-sep sep- sep-solid\" style=\"border-color:var(--awb-color3);\"><\/div><\/div><span class=\"awb-title-spacer\"><\/span><h2 class=\"fusion-title-heading title-heading-center fusion-responsive-typography-calculated\" style=\"margin:0;font-size:1em;--fontSize:50;line-height:var(--awb-typography1-line-height);\"><h2 style=\"text-align: center;\">Massages \u00e9nerg\u00e9tiques<br \/>\nConseils en produits naturels<\/h2><\/h2><span class=\"awb-title-spacer\"><\/span><div class=\"title-sep-container title-sep-container-right\"><div class=\"title-sep sep- sep-solid\" style=\"border-color:var(--awb-color3);\"><\/div><\/div><\/div><div class=\"fusion-text fusion-text-1\"><p>Votre sant\u00e9 n\u2019appartient qu\u2019\u00e0 vous, il ne tient qu\u2019\u00e0 vous de vous mobiliser pour la d\u00e9fendre.<br \/>\nEnergilys-Limonest, votre r\u00e9volution sant\u00e9, vous accompagne dans votre d\u00e9marche en s\u2019appuyant sur deux actions essentielles\u00a0:<\/p>\n<\/div><\/div><\/div><\/div><\/div><div class=\"fusion-fullwidth fullwidth-box fusion-builder-row-2 fusion-flex-container has-pattern-background has-mask-background nonhundred-percent-fullwidth non-hundred-percent-height-scrolling\" style=\"--awb-border-radius-top-left:0px;--awb-border-radius-top-right:0px;--awb-border-radius-bottom-right:0px;--awb-border-radius-bottom-left:0px;--awb-margin-top:-25px;--awb-flex-wrap:wrap;\" ><div class=\"fusion-builder-row fusion-row fusion-flex-align-items-flex-start fusion-flex-content-wrap\" style=\"max-width:1216.8px;margin-left: calc(-4% \/ 2 );margin-right: calc(-4% \/ 2 );\"><div class=\"fusion-layout-column fusion_builder_column fusion-builder-column-1 fusion_builder_column_1_3 1_3 fusion-flex-column\" style=\"--awb-bg-size:cover;--awb-width-large:33.333333333333%;--awb-margin-top-large:20px;--awb-spacing-right-large:5.76%;--awb-margin-bottom-large:20px;--awb-spacing-left-large:5.76%;--awb-width-medium:100%;--awb-order-medium:0;--awb-spacing-right-medium:1.92%;--awb-spacing-left-medium:1.92%;--awb-width-small:100%;--awb-order-small:0;--awb-spacing-right-small:1.92%;--awb-margin-bottom-small:132px;--awb-spacing-left-small:1.92%;\" data-scroll-devices=\"small-visibility,medium-visibility,large-visibility\"><div class=\"fusion-column-wrapper fusion-column-has-shadow fusion-flex-justify-content-center fusion-content-layout-column\"><div class=\"fusion-image-element \" style=\"--awb-margin-bottom:-100px;--awb-caption-title-font-family:var(--h2_typography-font-family);--awb-caption-title-font-weight:var(--h2_typography-font-weight);--awb-caption-title-font-style:var(--h2_typography-font-style);--awb-caption-title-size:var(--h2_typography-font-size);--awb-caption-title-transform:var(--h2_typography-text-transform);--awb-caption-title-line-height:var(--h2_typography-line-height);--awb-caption-title-letter-spacing:var(--h2_typography-letter-spacing);\"><span class=\" fusion-imageframe imageframe-none imageframe-1 hover-type-none\"><img decoding=\"async\" width=\"600\" height=\"300\" title=\"Massages \u00e9nerg\u00e9tiques &#038; Conseils produits naturels\" src=\"https:\/\/www.energilys.fr\/wp-content\/uploads\/2025\/10\/sable.webp\" data-orig-src=\"https:\/\/www.energilys.fr\/wp-content\/uploads\/2025\/10\/sable-600x300.webp\" alt class=\"lazyload img-responsive wp-image-1340\" srcset=\"data:image\/svg+xml,%3Csvg%20xmlns%3D%27http%3A%2F%2Fwww.w3.org%2F2000%2Fsvg%27%20width%3D%272480%27%20height%3D%271240%27%20viewBox%3D%270%200%202480%201240%27%3E%3Crect%20width%3D%272480%27%20height%3D%271240%27%20fill-opacity%3D%220%22%2F%3E%3C%2Fsvg%3E\" data-srcset=\"https:\/\/www.energilys.fr\/wp-content\/uploads\/2025\/10\/sable-200x100.webp 200w, https:\/\/www.energilys.fr\/wp-content\/uploads\/2025\/10\/sable-300x150.webp 300w, https:\/\/www.energilys.fr\/wp-content\/uploads\/2025\/10\/sable-400x200.webp 400w, https:\/\/www.energilys.fr\/wp-content\/uploads\/2025\/10\/sable-600x300.webp 600w, https:\/\/www.energilys.fr\/wp-content\/uploads\/2025\/10\/sable-768x384.webp 768w, https:\/\/www.energilys.fr\/wp-content\/uploads\/2025\/10\/sable-800x400.webp 800w, https:\/\/www.energilys.fr\/wp-content\/uploads\/2025\/10\/sable-1024x512.webp 1024w, https:\/\/www.energilys.fr\/wp-content\/uploads\/2025\/10\/sable-1200x600.webp 1200w, https:\/\/www.energilys.fr\/wp-content\/uploads\/2025\/10\/sable-1536x768.webp 1536w\" data-sizes=\"auto\" data-orig-sizes=\"(max-width: 1050px) 100vw, (max-width: 640px) 100vw, 400px\" \/><\/span><\/div><\/div><\/div><div class=\"fusion-layout-column fusion_builder_column fusion-builder-column-2 fusion_builder_column_2_3 2_3 fusion-flex-column\" style=\"--awb-bg-size:cover;--awb-width-large:66.666666666667%;--awb-margin-top-large:20px;--awb-spacing-right-large:2.88%;--awb-margin-bottom-large:20px;--awb-spacing-left-large:2.88%;--awb-width-medium:100%;--awb-order-medium:0;--awb-spacing-right-medium:1.92%;--awb-spacing-left-medium:1.92%;--awb-width-small:100%;--awb-order-small:0;--awb-spacing-right-small:1.92%;--awb-spacing-left-small:1.92%;\" data-scroll-devices=\"small-visibility,medium-visibility,large-visibility\"><div class=\"fusion-column-wrapper fusion-column-has-shadow fusion-flex-justify-content-center fusion-content-layout-column\"><div class=\"fusion-text fusion-text-2\"><ul>\n<li><strong>Actions externes<\/strong> avec des massages \u00e9nerg\u00e9tiques \u00ab\u00a0Bien-\u00eatre &amp; Sant\u00e9 \u00bb issus des m\u00e9decines traditionnelles asiatiques (Tui Na, Chi Nei Tsang, Shiatsu, R\u00e9flexologie), associ\u00e9s aux huiles essentielles et v\u00e9g\u00e9tales. Ces massages exercent une pression sur les m\u00e9ridiens et les points sp\u00e9cifiques appel\u00e9s \u00ab\u00a0points QI\u00a0\u00bb ou \u00ab\u00a0points d\u2019acupression \u00bb.<\/li>\n<li><strong>Actions internes<\/strong> avec les produits de \u00ab\u00a0Dame Nature\u00a0\u00bb en apportant vitamines, min\u00e9raux, plantes et autres actifs de sant\u00e9 naturelle. Dame Nature est un v\u00e9ritable couteau suisse de la pr\u00e9vention de la sant\u00e9.<\/li>\n<\/ul>\n<\/div><\/div><\/div><\/div><\/div><div class=\"fusion-fullwidth fullwidth-box fusion-builder-row-3 fusion-flex-container has-pattern-background has-mask-background nonhundred-percent-fullwidth non-hundred-percent-height-scrolling\" style=\"--awb-border-radius-top-left:0px;--awb-border-radius-top-right:0px;--awb-border-radius-bottom-right:0px;--awb-border-radius-bottom-left:0px;--awb-margin-top:-25px;--awb-flex-wrap:wrap;\" ><div class=\"fusion-builder-row fusion-row fusion-flex-align-items-flex-start fusion-flex-content-wrap\" style=\"max-width:1216.8px;margin-left: calc(-4% \/ 2 );margin-right: calc(-4% \/ 2 );\"><div class=\"fusion-layout-column fusion_builder_column fusion-builder-column-3 fusion_builder_column_1_1 1_1 fusion-flex-column\" style=\"--awb-bg-size:cover;--awb-width-large:100%;--awb-margin-top-large:20px;--awb-spacing-right-large:1.92%;--awb-margin-bottom-large:20px;--awb-spacing-left-large:1.92%;--awb-width-medium:100%;--awb-order-medium:0;--awb-spacing-right-medium:1.92%;--awb-spacing-left-medium:1.92%;--awb-width-small:100%;--awb-order-small:0;--awb-spacing-right-small:1.92%;--awb-spacing-left-small:1.92%;\"><div class=\"fusion-column-wrapper fusion-column-has-shadow fusion-flex-justify-content-flex-start fusion-content-layout-column\"><div class=\"fusion-text fusion-text-3\"><p>Le tarif d\u2019une s\u00e9ance de massages \u00e9nerg\u00e9tiques bien-\u00eatre et sant\u00e9 avec les conseils sur les produits actifs de Dame Nature est de:<\/p>\n<p style=\"text-align: center;\"><strong>60 \u20ac \/TTC, dur\u00e9e de 60 minutes.<\/strong><\/p>\n<p style=\"text-align: center;\">Facilit\u00e9 de stationnement, parking priv\u00e9 individuel.<\/p>\n<p style=\"text-align: center;\">Energilys Limonest \u00ab C\u0153ur de Sant\u00e9 \u00bb<\/p>\n<p style=\"text-align: center;\">Un esprit sain dans un corps sain !<\/p>\n<\/div><\/div><\/div><\/div><\/div><div class=\"fusion-fullwidth fullwidth-box fusion-builder-row-4 fusion-flex-container has-pattern-background has-mask-background nonhundred-percent-fullwidth non-hundred-percent-height-scrolling\" style=\"--awb-border-radius-top-left:0px;--awb-border-radius-top-right:0px;--awb-border-radius-bottom-right:0px;--awb-border-radius-bottom-left:0px;--awb-margin-top:-30px;--awb-flex-wrap:wrap;\" ><div class=\"fusion-builder-row fusion-row fusion-flex-align-items-flex-start fusion-flex-content-wrap\" style=\"max-width:1216.8px;margin-left: calc(-4% \/ 2 );margin-right: calc(-4% \/ 2 );\"><div class=\"fusion-layout-column fusion_builder_column fusion-builder-column-4 fusion_builder_column_1_2 1_2 fusion-flex-column\" style=\"--awb-bg-size:cover;--awb-width-large:50%;--awb-margin-top-large:20px;--awb-spacing-right-large:3.84%;--awb-margin-bottom-large:20px;--awb-spacing-left-large:3.84%;--awb-width-medium:100%;--awb-order-medium:0;--awb-spacing-right-medium:1.92%;--awb-spacing-left-medium:1.92%;--awb-width-small:100%;--awb-order-small:0;--awb-spacing-right-small:1.92%;--awb-spacing-left-small:1.92%;\"><div class=\"fusion-column-wrapper fusion-column-has-shadow fusion-flex-justify-content-flex-start fusion-content-layout-column\"><div class=\"fusion-text fusion-text-4\"><h3 style=\"text-align: center;\">Massages, bien \u00eatre et sant\u00e9<\/h3>\n<\/div><div class=\"fusion-image-element \" style=\"--awb-caption-title-font-family:var(--h2_typography-font-family);--awb-caption-title-font-weight:var(--h2_typography-font-weight);--awb-caption-title-font-style:var(--h2_typography-font-style);--awb-caption-title-size:var(--h2_typography-font-size);--awb-caption-title-transform:var(--h2_typography-text-transform);--awb-caption-title-line-height:var(--h2_typography-line-height);--awb-caption-title-letter-spacing:var(--h2_typography-letter-spacing);\"><span class=\" fusion-imageframe imageframe-none imageframe-2 hover-type-none\"><a class=\"fusion-no-lightbox\" href=\"https:\/\/www.energilys.fr\/index.php\/massages-energetiques-cloned\/\" target=\"_self\" aria-label=\"le-massage-bien-etre-ou-professionnel-7786-720-0\"><img decoding=\"async\" width=\"600\" height=\"390\" src=\"https:\/\/www.energilys.fr\/wp-content\/uploads\/2025\/03\/le-massage-bien-etre-ou-professionnel-7786-720-0.jpg\" data-orig-src=\"http:\/\/energis.cluster028.hosting.ovh.net\/wp-content\/uploads\/2025\/03\/le-massage-bien-etre-ou-professionnel-7786-720-0-600x390.jpg\" alt class=\"lazyload img-responsive wp-image-1318\" srcset=\"data:image\/svg+xml,%3Csvg%20xmlns%3D%27http%3A%2F%2Fwww.w3.org%2F2000%2Fsvg%27%20width%3D%27720%27%20height%3D%27468%27%20viewBox%3D%270%200%20720%20468%27%3E%3Crect%20width%3D%27720%27%20height%3D%27468%27%20fill-opacity%3D%220%22%2F%3E%3C%2Fsvg%3E\" data-srcset=\"https:\/\/www.energilys.fr\/wp-content\/uploads\/2025\/03\/le-massage-bien-etre-ou-professionnel-7786-720-0-200x130.jpg 200w, https:\/\/www.energilys.fr\/wp-content\/uploads\/2025\/03\/le-massage-bien-etre-ou-professionnel-7786-720-0-400x260.jpg 400w, https:\/\/www.energilys.fr\/wp-content\/uploads\/2025\/03\/le-massage-bien-etre-ou-professionnel-7786-720-0-600x390.jpg 600w, https:\/\/www.energilys.fr\/wp-content\/uploads\/2025\/03\/le-massage-bien-etre-ou-professionnel-7786-720-0.jpg 720w\" data-sizes=\"auto\" data-orig-sizes=\"(max-width: 1050px) 100vw, (max-width: 640px) 100vw, 600px\" \/><\/a><\/span><\/div><\/div><\/div><div class=\"fusion-layout-column fusion_builder_column fusion-builder-column-5 fusion_builder_column_1_2 1_2 fusion-flex-column\" style=\"--awb-bg-size:cover;--awb-width-large:50%;--awb-margin-top-large:20px;--awb-spacing-right-large:3.84%;--awb-margin-bottom-large:20px;--awb-spacing-left-large:3.84%;--awb-width-medium:100%;--awb-order-medium:0;--awb-spacing-right-medium:1.92%;--awb-spacing-left-medium:1.92%;--awb-width-small:100%;--awb-order-small:0;--awb-spacing-right-small:1.92%;--awb-spacing-left-small:1.92%;\"><div class=\"fusion-column-wrapper fusion-column-has-shadow fusion-flex-justify-content-flex-start fusion-content-layout-column\"><div class=\"fusion-text fusion-text-5\"><h3 style=\"text-align: center;\">Dame nature<\/h3>\n<\/div><div class=\"fusion-image-element \" style=\"--awb-caption-title-font-family:var(--h2_typography-font-family);--awb-caption-title-font-weight:var(--h2_typography-font-weight);--awb-caption-title-font-style:var(--h2_typography-font-style);--awb-caption-title-size:var(--h2_typography-font-size);--awb-caption-title-transform:var(--h2_typography-text-transform);--awb-caption-title-line-height:var(--h2_typography-line-height);--awb-caption-title-letter-spacing:var(--h2_typography-letter-spacing);\"><span class=\" fusion-imageframe imageframe-none imageframe-3 hover-type-none\"><a class=\"fusion-no-lightbox\" href=\"https:\/\/www.energilys.fr\/index.php\/produits-actifs-de-dame-nature\/\" target=\"_self\" aria-label=\"17-dame-nature\"><img decoding=\"async\" width=\"600\" height=\"450\" src=\"https:\/\/www.energilys.fr\/wp-content\/uploads\/2025\/03\/17-dame-nature.jpg\" data-orig-src=\"http:\/\/energis.cluster028.hosting.ovh.net\/wp-content\/uploads\/2025\/03\/17-dame-nature-600x450.jpg\" alt class=\"lazyload img-responsive wp-image-1315\" srcset=\"data:image\/svg+xml,%3Csvg%20xmlns%3D%27http%3A%2F%2Fwww.w3.org%2F2000%2Fsvg%27%20width%3D%27800%27%20height%3D%27600%27%20viewBox%3D%270%200%20800%20600%27%3E%3Crect%20width%3D%27800%27%20height%3D%27600%27%20fill-opacity%3D%220%22%2F%3E%3C%2Fsvg%3E\" data-srcset=\"https:\/\/www.energilys.fr\/wp-content\/uploads\/2025\/03\/17-dame-nature-200x150.jpg 200w, https:\/\/www.energilys.fr\/wp-content\/uploads\/2025\/03\/17-dame-nature-400x300.jpg 400w, https:\/\/www.energilys.fr\/wp-content\/uploads\/2025\/03\/17-dame-nature-600x450.jpg 600w, https:\/\/www.energilys.fr\/wp-content\/uploads\/2025\/03\/17-dame-nature.jpg 800w\" data-sizes=\"auto\" data-orig-sizes=\"(max-width: 1050px) 100vw, (max-width: 640px) 100vw, 600px\" \/><\/a><\/span><\/div><\/div><\/div><\/div><\/div><\/p>\n","protected":false},"excerpt":{"rendered":"","protected":false},"author":1,"featured_media":0,"parent":0,"menu_order":0,"comment_status":"closed","ping_status":"closed","template":"100-width.php","meta":{"footnotes":""},"class_list":["post-7","page","type-page","status-publish","hentry"],"_links":{"self":[{"href":"https:\/\/www.energilys.fr\/index.php\/wp-json\/wp\/v2\/pages\/7","targetHints":{"allow":["GET"]}}],"collection":[{"href":"https:\/\/www.energilys.fr\/index.php\/wp-json\/wp\/v2\/pages"}],"about":[{"href":"https:\/\/www.energilys.fr\/index.php\/wp-json\/wp\/v2\/types\/page"}],"author":[{"embeddable":true,"href":"https:\/\/www.energilys.fr\/index.php\/wp-json\/wp\/v2\/users\/1"}],"replies":[{"embeddable":true,"href":"https:\/\/www.energilys.fr\/index.php\/wp-json\/wp\/v2\/comments?post=7"}],"version-history":[{"count":42,"href":"https:\/\/www.energilys.fr\/index.php\/wp-json\/wp\/v2\/pages\/7\/revisions"}],"predecessor-version":[{"id":1436,"href":"https:\/\/www.energilys.fr\/index.php\/wp-json\/wp\/v2\/pages\/7\/revisions\/1436"}],"wp:attachment":[{"href":"https:\/\/www.energilys.fr\/index.php\/wp-json\/wp\/v2\/media?parent=7"}],"curies":[{"name":"wp","href":"https:\/\/api.w.org\/{rel}","templated":true}]}}